{"id":16501,"date":"2024-01-10T18:25:27","date_gmt":"2024-01-10T17:25:27","guid":{"rendered":"https:\/\/lignartis.com\/metodo\/"},"modified":"2025-09-25T12:16:16","modified_gmt":"2025-09-25T10:16:16","slug":"metodo","status":"publish","type":"page","link":"https:\/\/lignartis.com\/es\/metodo\/","title":{"rendered":"M\u00e9todo"},"content":{"rendered":"\t\t<div data-elementor-type=\"wp-page\" data-elementor-id=\"16501\" class=\"elementor elementor-16501 elementor-13309\" data-elementor-post-type=\"page\">\n\t\t\t\t\t\t<section data-particle_enable=\"false\" data-particle-mobile-disabled=\"false\" class=\"elementor-section elementor-top-section elementor-element elementor-element-43058b2 elementor-section-height-min-height elementor-section-boxed elementor-section-height-default elementor-section-items-middle\" data-id=\"43058b2\" data-element_type=\"section\" data-settings=\"{&quot;background_background&quot;:&quot;slideshow&quot;,&quot;background_slideshow_gallery&quot;:[{&quot;id&quot;:16231,&quot;url&quot;:&quot;https:\\\/\\\/lignartis.com\\\/wp-content\\\/uploads\\\/2024\\\/01\\\/METHODE-1-1.jpg&quot;},{&quot;id&quot;:16232,&quot;url&quot;:&quot;https:\\\/\\\/lignartis.com\\\/wp-content\\\/uploads\\\/2024\\\/01\\\/METHODE-3.jpg&quot;},{&quot;id&quot;:16233,&quot;url&quot;:&quot;https:\\\/\\\/lignartis.com\\\/wp-content\\\/uploads\\\/2024\\\/01\\\/METHODE-4.jpg&quot;},{&quot;id&quot;:16234,&quot;url&quot;:&quot;https:\\\/\\\/lignartis.com\\\/wp-content\\\/uploads\\\/2024\\\/01\\\/METHODE-2.jpg&quot;},{&quot;id&quot;:16235,&quot;url&quot;:&quot;https:\\\/\\\/lignartis.com\\\/wp-content\\\/uploads\\\/2024\\\/01\\\/METHODE-1.jpg&quot;}],&quot;background_slideshow_transition_duration&quot;:1500,&quot;background_slideshow_loop&quot;:&quot;yes&quot;,&quot;background_slideshow_slide_duration&quot;:5000,&quot;background_slideshow_slide_transition&quot;:&quot;fade&quot;}\">\n\t\t\t\t\t\t\t<div class=\"elementor-background-overlay\"><\/div>\n\t\t\t\t\t\t\t<div class=\"elementor-container elementor-column-gap-default\">\n\t\t\t\t\t<div class=\"elementor-column elementor-col-100 elementor-top-column elementor-element elementor-element-4f9ef98\" data-id=\"4f9ef98\" data-element_type=\"column\">\n\t\t\t<div class=\"elementor-widget-wrap elementor-element-populated\">\n\t\t\t\t\t\t<div class=\"elementor-element elementor-element-afb0853 elementor-headline--style-rotate elementor-widget elementor-widget-animated-headline\" data-id=\"afb0853\" data-element_type=\"widget\" data-settings=\"{&quot;headline_style&quot;:&quot;rotate&quot;,&quot;animation_type&quot;:&quot;clip&quot;,&quot;rotating_text&quot;:&quot;Colaboraci\\u00f3n\\nInnovaci\\u00f3n\\nMateriales nobles\\nRetos t\\u00e9cnicos\\nArtesan\\u00eda excepcional&quot;,&quot;loop&quot;:&quot;yes&quot;,&quot;rotate_iteration_delay&quot;:2500}\" data-widget_type=\"animated-headline.default\">\n\t\t\t\t<div class=\"elementor-widget-container\">\n\t\t\t\t\t\t\t<h2 class=\"elementor-headline elementor-headline-animation-type-clip\">\n\t\t\t\t<span class=\"elementor-headline-dynamic-wrapper elementor-headline-text-wrapper\">\n\t\t\t\t\t<span class=\"elementor-headline-dynamic-text elementor-headline-text-active\">\n\t\t\t\tColaboraci\u00f3n\t\t\t<\/span>\n\t\t\t\t\t<span class=\"elementor-headline-dynamic-text\">\n\t\t\t\tInnovaci\u00f3n\t\t\t<\/span>\n\t\t\t\t\t<span class=\"elementor-headline-dynamic-text\">\n\t\t\t\tMateriales&nbsp;nobles\t\t\t<\/span>\n\t\t\t\t\t<span class=\"elementor-headline-dynamic-text\">\n\t\t\t\tRetos&nbsp;t\u00e9cnicos\t\t\t<\/span>\n\t\t\t\t\t<span class=\"elementor-headline-dynamic-text\">\n\t\t\t\tArtesan\u00eda&nbsp;excepcional\t\t\t<\/span>\n\t\t\t\t\t\t<\/span>\n\t\t\t\t<\/h2>\n\t\t\t\t\t\t<\/div>\n\t\t\t\t<\/div>\n\t\t\t\t\t<\/div>\n\t\t<\/div>\n\t\t\t\t\t<\/div>\n\t\t<\/section>\n\t\t\t\t<section data-particle_enable=\"false\" data-particle-mobile-disabled=\"false\" class=\"elementor-section elementor-top-section elementor-element elementor-element-834a329 elementor-section-boxed elementor-section-height-default elementor-section-height-default\" data-id=\"834a329\" data-element_type=\"section\">\n\t\t\t\t\t\t<div class=\"elementor-container elementor-column-gap-default\">\n\t\t\t\t\t<div class=\"elementor-column elementor-col-100 elementor-top-column elementor-element elementor-element-a800aef\" data-id=\"a800aef\" data-element_type=\"column\">\n\t\t\t<div class=\"elementor-widget-wrap elementor-element-populated\">\n\t\t\t\t\t\t<div class=\"elementor-element elementor-element-663d6be elementor-widget elementor-widget-spacer\" data-id=\"663d6be\" data-element_type=\"widget\" data-widget_type=\"spacer.default\">\n\t\t\t\t<div class=\"elementor-widget-container\">\n\t\t\t\t\t\t\t<div class=\"elementor-spacer\">\n\t\t\t<div class=\"elementor-spacer-inner\"><\/div>\n\t\t<\/div>\n\t\t\t\t\t\t<\/div>\n\t\t\t\t<\/div>\n\t\t\t\t\t<\/div>\n\t\t<\/div>\n\t\t\t\t\t<\/div>\n\t\t<\/section>\n\t\t\t\t<section data-particle_enable=\"false\" data-particle-mobile-disabled=\"false\" class=\"elementor-section elementor-top-section elementor-element elementor-element-0a2b033 elementor-section-boxed elementor-section-height-default elementor-section-height-default\" data-id=\"0a2b033\" data-element_type=\"section\">\n\t\t\t\t\t\t<div class=\"elementor-container elementor-column-gap-default\">\n\t\t\t\t\t<div class=\"elementor-column elementor-col-100 elementor-top-column elementor-element elementor-element-fdaf5c4\" data-id=\"fdaf5c4\" data-element_type=\"column\">\n\t\t\t<div class=\"elementor-widget-wrap elementor-element-populated\">\n\t\t\t\t\t\t<div class=\"elementor-element elementor-element-ad80e02 elementor-widget elementor-widget-heading\" data-id=\"ad80e02\" data-element_type=\"widget\" data-widget_type=\"heading.default\">\n\t\t\t\t<div class=\"elementor-widget-container\">\n\t\t\t\t\t<h1 class=\"elementor-heading-title elementor-size-default\">Nuestro m\u00e9todo<\/h1>\t\t\t\t<\/div>\n\t\t\t\t<\/div>\n\t\t\t\t<div class=\"elementor-element elementor-element-4635348 elementor-widget elementor-widget-text-editor\" data-id=\"4635348\" data-element_type=\"widget\" data-widget_type=\"text-editor.default\">\n\t\t\t\t<div class=\"elementor-widget-container\">\n\t\t\t\t\t\t\t\t\t<p>Trabajaremos contigo para crear proyectos de interiorismo personalizados que se ajusten a tus ambiciones.<\/p><p>Adoptamos un enfoque colaborativo desde la fase de dise\u00f1o hasta la fase t\u00e9cnica y la creaci\u00f3n de prototipos o salas de exposici\u00f3n, sin olvidar la optimizaci\u00f3n del presupuesto.<\/p><p>Nuestra experiencia como fabricantes nos ha permitido trabajar en numerosos proyectos e identificar los factores clave del \u00e9xito para completar con \u00e9xito un proyecto excepcional.<\/p>\t\t\t\t\t\t\t\t<\/div>\n\t\t\t\t<\/div>\n\t\t\t\t\t<\/div>\n\t\t<\/div>\n\t\t\t\t\t<\/div>\n\t\t<\/section>\n\t\t<div data-particle_enable=\"false\" data-particle-mobile-disabled=\"false\" class=\"elementor-element elementor-element-2b53996 e-flex e-con-boxed e-con e-parent\" data-id=\"2b53996\" data-element_type=\"container\">\n\t\t\t\t\t<div class=\"e-con-inner\">\n\t\t\t\t<div class=\"elementor-element elementor-element-3a8964c elementor-widget elementor-widget-spacer\" data-id=\"3a8964c\" data-element_type=\"widget\" data-widget_type=\"spacer.default\">\n\t\t\t\t<div class=\"elementor-widget-container\">\n\t\t\t\t\t\t\t<div class=\"elementor-spacer\">\n\t\t\t<div class=\"elementor-spacer-inner\"><\/div>\n\t\t<\/div>\n\t\t\t\t\t\t<\/div>\n\t\t\t\t<\/div>\n\t\t\t\t\t<\/div>\n\t\t\t\t<\/div>\n\t\t\t\t<section data-particle_enable=\"false\" data-particle-mobile-disabled=\"false\" class=\"elementor-section elementor-top-section elementor-element elementor-element-a23689d elementor-section-boxed elementor-section-height-default elementor-section-height-default\" data-id=\"a23689d\" data-element_type=\"section\">\n\t\t\t\t\t\t<div class=\"elementor-container elementor-column-gap-default\">\n\t\t\t\t\t<div class=\"elementor-column elementor-col-100 elementor-top-column elementor-element elementor-element-16e6632\" data-id=\"16e6632\" data-element_type=\"column\">\n\t\t\t<div class=\"elementor-widget-wrap elementor-element-populated\">\n\t\t\t\t\t\t<section data-particle_enable=\"false\" data-particle-mobile-disabled=\"false\" class=\"elementor-section elementor-inner-section elementor-element elementor-element-81bf5af elementor-section-boxed elementor-section-height-default elementor-section-height-default\" data-id=\"81bf5af\" data-element_type=\"section\">\n\t\t\t\t\t\t<div class=\"elementor-container elementor-column-gap-default\">\n\t\t\t\t\t<div class=\"elementor-column elementor-col-50 elementor-inner-column elementor-element elementor-element-a1400b9\" data-id=\"a1400b9\" data-element_type=\"column\">\n\t\t\t<div class=\"elementor-widget-wrap elementor-element-populated\">\n\t\t\t\t\t\t<div class=\"elementor-element elementor-element-911a2d6 elementor-widget elementor-widget-image\" data-id=\"911a2d6\" data-element_type=\"widget\" data-widget_type=\"image.default\">\n\t\t\t\t<div class=\"elementor-widget-container\">\n\t\t\t\t\t\t\t\t\t\t\t\t\t\t\t<img fetchpriority=\"high\" decoding=\"async\" width=\"800\" height=\"400\" src=\"https:\/\/lignartis.com\/wp-content\/uploads\/2024\/10\/co-design-1024x512.jpg\" class=\"attachment-large size-large wp-image-16236\" alt=\"\" srcset=\"https:\/\/lignartis.com\/wp-content\/uploads\/2024\/10\/co-design-1024x512.jpg 1024w, https:\/\/lignartis.com\/wp-content\/uploads\/2024\/10\/co-design-300x150.jpg 300w, https:\/\/lignartis.com\/wp-content\/uploads\/2024\/10\/co-design-768x384.jpg 768w, https:\/\/lignartis.com\/wp-content\/uploads\/2024\/10\/co-design.jpg 1200w\" sizes=\"(max-width: 800px) 100vw, 800px\" \/>\t\t\t\t\t\t\t\t\t\t\t\t\t\t\t<\/div>\n\t\t\t\t<\/div>\n\t\t\t\t\t<\/div>\n\t\t<\/div>\n\t\t\t\t<div class=\"elementor-column elementor-col-50 elementor-inner-column elementor-element elementor-element-4f4dbaf\" data-id=\"4f4dbaf\" data-element_type=\"column\">\n\t\t\t<div class=\"elementor-widget-wrap elementor-element-populated\">\n\t\t\t\t\t\t<div class=\"elementor-element elementor-element-b0158ed elementor-widget elementor-widget-heading\" data-id=\"b0158ed\" data-element_type=\"widget\" data-widget_type=\"heading.default\">\n\t\t\t\t<div class=\"elementor-widget-container\">\n\t\t\t\t\t<h3 class=\"elementor-heading-title elementor-size-large\">Codesign<\/h3>\t\t\t\t<\/div>\n\t\t\t\t<\/div>\n\t\t\t\t<div class=\"elementor-element elementor-element-a9bb20a elementor-widget elementor-widget-text-editor\" data-id=\"a9bb20a\" data-element_type=\"widget\" data-widget_type=\"text-editor.default\">\n\t\t\t\t<div class=\"elementor-widget-container\">\n\t\t\t\t\t\t\t\t\t<p><span style=\"font-size: 15px; text-align: center;\">Dise\u00f1o del producto<\/span><\/p><p><span style=\"font-size: 15px; text-align: center;\">Dise\u00f1o industrial<\/span><\/p><p><span style=\"font-size: 15px; text-align: center;\">Dise\u00f1o espacial<\/span><\/p>\t\t\t\t\t\t\t\t<\/div>\n\t\t\t\t<\/div>\n\t\t\t\t\t<\/div>\n\t\t<\/div>\n\t\t\t\t\t<\/div>\n\t\t<\/section>\n\t\t\t\t\t<\/div>\n\t\t<\/div>\n\t\t\t\t\t<\/div>\n\t\t<\/section>\n\t\t\t\t<section data-particle_enable=\"false\" data-particle-mobile-disabled=\"false\" class=\"elementor-section elementor-top-section elementor-element elementor-element-ab5e925 elementor-section-boxed elementor-section-height-default elementor-section-height-default\" data-id=\"ab5e925\" data-element_type=\"section\">\n\t\t\t\t\t\t<div class=\"elementor-container elementor-column-gap-default\">\n\t\t\t\t\t<div class=\"elementor-column elementor-col-100 elementor-top-column elementor-element elementor-element-d2e0f3e\" data-id=\"d2e0f3e\" data-element_type=\"column\">\n\t\t\t<div class=\"elementor-widget-wrap elementor-element-populated\">\n\t\t\t\t\t\t<section data-particle_enable=\"false\" data-particle-mobile-disabled=\"false\" class=\"elementor-section elementor-inner-section elementor-element elementor-element-ab754fa elementor-section-boxed elementor-section-height-default elementor-section-height-default\" data-id=\"ab754fa\" data-element_type=\"section\">\n\t\t\t\t\t\t<div class=\"elementor-container elementor-column-gap-default\">\n\t\t\t\t\t<div class=\"elementor-column elementor-col-50 elementor-inner-column elementor-element elementor-element-09ab7ce\" data-id=\"09ab7ce\" data-element_type=\"column\">\n\t\t\t<div class=\"elementor-widget-wrap elementor-element-populated\">\n\t\t\t\t\t\t<div class=\"elementor-element elementor-element-30f3e92 elementor-widget elementor-widget-image\" data-id=\"30f3e92\" data-element_type=\"widget\" data-widget_type=\"image.default\">\n\t\t\t\t<div class=\"elementor-widget-container\">\n\t\t\t\t\t\t\t\t\t\t\t\t\t\t\t<img decoding=\"async\" width=\"800\" height=\"933\" src=\"https:\/\/lignartis.com\/wp-content\/uploads\/2024\/10\/agencement-1-878x1024.jpg\" class=\"attachment-large size-large wp-image-16237\" alt=\"\" srcset=\"https:\/\/lignartis.com\/wp-content\/uploads\/2024\/10\/agencement-1-878x1024.jpg 878w, https:\/\/lignartis.com\/wp-content\/uploads\/2024\/10\/agencement-1-257x300.jpg 257w, https:\/\/lignartis.com\/wp-content\/uploads\/2024\/10\/agencement-1-768x896.jpg 768w, https:\/\/lignartis.com\/wp-content\/uploads\/2024\/10\/agencement-1.jpg 1200w\" sizes=\"(max-width: 800px) 100vw, 800px\" \/>\t\t\t\t\t\t\t\t\t\t\t\t\t\t\t<\/div>\n\t\t\t\t<\/div>\n\t\t\t\t\t<\/div>\n\t\t<\/div>\n\t\t\t\t<div class=\"elementor-column elementor-col-50 elementor-inner-column elementor-element elementor-element-34341a1\" data-id=\"34341a1\" data-element_type=\"column\">\n\t\t\t<div class=\"elementor-widget-wrap elementor-element-populated\">\n\t\t\t\t\t\t<div class=\"elementor-element elementor-element-3a943e7 elementor-widget elementor-widget-heading\" data-id=\"3a943e7\" data-element_type=\"widget\" data-widget_type=\"heading.default\">\n\t\t\t\t<div class=\"elementor-widget-container\">\n\t\t\t\t\t<h3 class=\"elementor-heading-title elementor-size-large\">Disposici\u00f3n<\/h3>\t\t\t\t<\/div>\n\t\t\t\t<\/div>\n\t\t\t\t<div class=\"elementor-element elementor-element-4561f69 elementor-widget elementor-widget-text-editor\" data-id=\"4561f69\" data-element_type=\"widget\" data-widget_type=\"text-editor.default\">\n\t\t\t\t<div class=\"elementor-widget-container\">\n\t\t\t\t\t\t\t\t\t<p><span style=\"font-size: 15px; text-align: center;\">Proyectos a medida para :<\/span><\/p><p><span style=\"font-size: 15px; text-align: center;\">hoteles, restaurantes, comercios, espacios terciarios, sedes sociales y espacios abiertos.<\/span><\/p>\t\t\t\t\t\t\t\t<\/div>\n\t\t\t\t<\/div>\n\t\t\t\t\t<\/div>\n\t\t<\/div>\n\t\t\t\t\t<\/div>\n\t\t<\/section>\n\t\t\t\t\t<\/div>\n\t\t<\/div>\n\t\t\t\t\t<\/div>\n\t\t<\/section>\n\t\t\t\t<section data-particle_enable=\"false\" data-particle-mobile-disabled=\"false\" class=\"elementor-section elementor-top-section elementor-element elementor-element-0660257 elementor-section-boxed elementor-section-height-default elementor-section-height-default\" data-id=\"0660257\" data-element_type=\"section\">\n\t\t\t\t\t\t<div class=\"elementor-container elementor-column-gap-default\">\n\t\t\t\t\t<div class=\"elementor-column elementor-col-100 elementor-top-column elementor-element elementor-element-84c7d12\" data-id=\"84c7d12\" data-element_type=\"column\">\n\t\t\t<div class=\"elementor-widget-wrap elementor-element-populated\">\n\t\t\t\t\t\t<section data-particle_enable=\"false\" data-particle-mobile-disabled=\"false\" class=\"elementor-section elementor-inner-section elementor-element elementor-element-44f387a elementor-section-boxed elementor-section-height-default elementor-section-height-default\" data-id=\"44f387a\" data-element_type=\"section\">\n\t\t\t\t\t\t<div class=\"elementor-container elementor-column-gap-default\">\n\t\t\t\t\t<div class=\"elementor-column elementor-col-50 elementor-inner-column elementor-element elementor-element-3579dec\" data-id=\"3579dec\" data-element_type=\"column\">\n\t\t\t<div class=\"elementor-widget-wrap elementor-element-populated\">\n\t\t\t\t\t\t<div class=\"elementor-element elementor-element-df391f5 elementor-widget elementor-widget-image\" data-id=\"df391f5\" data-element_type=\"widget\" data-widget_type=\"image.default\">\n\t\t\t\t<div class=\"elementor-widget-container\">\n\t\t\t\t\t\t\t\t\t\t\t\t\t\t\t<img decoding=\"async\" width=\"800\" height=\"400\" src=\"https:\/\/lignartis.com\/wp-content\/uploads\/2024\/01\/agencement-1-1024x512.jpg\" class=\"attachment-large size-large wp-image-16238\" alt=\"\" srcset=\"https:\/\/lignartis.com\/wp-content\/uploads\/2024\/01\/agencement-1-1024x512.jpg 1024w, https:\/\/lignartis.com\/wp-content\/uploads\/2024\/01\/agencement-1-800x400.jpg 800w, https:\/\/lignartis.com\/wp-content\/uploads\/2024\/01\/agencement-1-300x150.jpg 300w, https:\/\/lignartis.com\/wp-content\/uploads\/2024\/01\/agencement-1-768x384.jpg 768w, https:\/\/lignartis.com\/wp-content\/uploads\/2024\/01\/agencement-1-705x353.jpg 705w, https:\/\/lignartis.com\/wp-content\/uploads\/2024\/01\/agencement-1.jpg 1200w\" sizes=\"(max-width: 800px) 100vw, 800px\" \/>\t\t\t\t\t\t\t\t\t\t\t\t\t\t\t<\/div>\n\t\t\t\t<\/div>\n\t\t\t\t\t<\/div>\n\t\t<\/div>\n\t\t\t\t<div class=\"elementor-column elementor-col-50 elementor-inner-column elementor-element elementor-element-0bf065c\" data-id=\"0bf065c\" data-element_type=\"column\">\n\t\t\t<div class=\"elementor-widget-wrap elementor-element-populated\">\n\t\t\t\t\t\t<div class=\"elementor-element elementor-element-24bb0de elementor-widget elementor-widget-heading\" data-id=\"24bb0de\" data-element_type=\"widget\" data-widget_type=\"heading.default\">\n\t\t\t\t<div class=\"elementor-widget-container\">\n\t\t\t\t\t<h3 class=\"elementor-heading-title elementor-size-large\">A medida<\/h3>\t\t\t\t<\/div>\n\t\t\t\t<\/div>\n\t\t\t\t<div class=\"elementor-element elementor-element-fd37f1a elementor-widget elementor-widget-text-editor\" data-id=\"fd37f1a\" data-element_type=\"widget\" data-widget_type=\"text-editor.default\">\n\t\t\t\t<div class=\"elementor-widget-container\">\n\t\t\t\t\t\t\t\t\t<p><span style=\"font-size: 15px; text-align: center;\">Dise\u00f1o de mobiliario, estudios t\u00e9cnicos y prototipos<\/span><span style=\"font-size: 15px; text-align: center;\"> : <\/span><span style=\"font-size: 15px; text-align: center;\">mesas, escritorios, armarios, sillas, etc.<\/span><\/p><p><span style=\"font-size: 15px; text-align: center;\">Desde piezas \u00fanicas hasta series de producci\u00f3n a gran escala.<\/span><\/p>\t\t\t\t\t\t\t\t<\/div>\n\t\t\t\t<\/div>\n\t\t\t\t\t<\/div>\n\t\t<\/div>\n\t\t\t\t\t<\/div>\n\t\t<\/section>\n\t\t\t\t\t<\/div>\n\t\t<\/div>\n\t\t\t\t\t<\/div>\n\t\t<\/section>\n\t\t\t\t<section data-particle_enable=\"false\" data-particle-mobile-disabled=\"false\" class=\"elementor-section elementor-top-section elementor-element elementor-element-2a2294d elementor-section-boxed elementor-section-height-default elementor-section-height-default\" data-id=\"2a2294d\" data-element_type=\"section\">\n\t\t\t\t\t\t<div class=\"elementor-container elementor-column-gap-default\">\n\t\t\t\t\t<div class=\"elementor-column elementor-col-100 elementor-top-column elementor-element elementor-element-6c48409\" data-id=\"6c48409\" data-element_type=\"column\">\n\t\t\t<div class=\"elementor-widget-wrap elementor-element-populated\">\n\t\t\t\t\t\t<section data-particle_enable=\"false\" data-particle-mobile-disabled=\"false\" class=\"elementor-section elementor-inner-section elementor-element elementor-element-6564a44 elementor-section-boxed elementor-section-height-default elementor-section-height-default\" data-id=\"6564a44\" data-element_type=\"section\">\n\t\t\t\t\t\t<div class=\"elementor-container elementor-column-gap-default\">\n\t\t\t\t\t<div class=\"elementor-column elementor-col-50 elementor-inner-column elementor-element elementor-element-7c74a6e\" data-id=\"7c74a6e\" data-element_type=\"column\">\n\t\t\t<div class=\"elementor-widget-wrap elementor-element-populated\">\n\t\t\t\t\t\t<div class=\"elementor-element elementor-element-d0b8419 elementor-widget elementor-widget-image\" data-id=\"d0b8419\" data-element_type=\"widget\" data-widget_type=\"image.default\">\n\t\t\t\t<div class=\"elementor-widget-container\">\n\t\t\t\t\t\t\t\t\t\t\t\t\t\t\t<img loading=\"lazy\" decoding=\"async\" width=\"800\" height=\"933\" src=\"https:\/\/lignartis.com\/wp-content\/uploads\/2024\/10\/accompagnement-1-878x1024.jpg\" class=\"attachment-large size-large wp-image-16239\" alt=\"\" srcset=\"https:\/\/lignartis.com\/wp-content\/uploads\/2024\/10\/accompagnement-1-878x1024.jpg 878w, https:\/\/lignartis.com\/wp-content\/uploads\/2024\/10\/accompagnement-1-257x300.jpg 257w, https:\/\/lignartis.com\/wp-content\/uploads\/2024\/10\/accompagnement-1-768x896.jpg 768w, https:\/\/lignartis.com\/wp-content\/uploads\/2024\/10\/accompagnement-1.jpg 1200w\" sizes=\"(max-width: 800px) 100vw, 800px\" \/>\t\t\t\t\t\t\t\t\t\t\t\t\t\t\t<\/div>\n\t\t\t\t<\/div>\n\t\t\t\t\t<\/div>\n\t\t<\/div>\n\t\t\t\t<div class=\"elementor-column elementor-col-50 elementor-inner-column elementor-element elementor-element-dfedfae\" data-id=\"dfedfae\" data-element_type=\"column\">\n\t\t\t<div class=\"elementor-widget-wrap elementor-element-populated\">\n\t\t\t\t\t\t<div class=\"elementor-element elementor-element-e1533dd elementor-widget elementor-widget-heading\" data-id=\"e1533dd\" data-element_type=\"widget\" data-widget_type=\"heading.default\">\n\t\t\t\t<div class=\"elementor-widget-container\">\n\t\t\t\t\t<h3 class=\"elementor-heading-title elementor-size-large\">Apoyo al proyecto<\/h3>\t\t\t\t<\/div>\n\t\t\t\t<\/div>\n\t\t\t\t<div class=\"elementor-element elementor-element-1fdc224 elementor-widget elementor-widget-text-editor\" data-id=\"1fdc224\" data-element_type=\"widget\" data-widget_type=\"text-editor.default\">\n\t\t\t\t<div class=\"elementor-widget-container\">\n\t\t\t\t\t\t\t\t\t<p><span style=\"font-size: 15px; text-align: center;\">Gesti\u00f3n de todos los oficios implicados en el proyecto para coordinar las distintas fases, desde la creaci\u00f3n hasta la instalaci\u00f3n.<\/span><\/p>\t\t\t\t\t\t\t\t<\/div>\n\t\t\t\t<\/div>\n\t\t\t\t\t<\/div>\n\t\t<\/div>\n\t\t\t\t\t<\/div>\n\t\t<\/section>\n\t\t\t\t\t<\/div>\n\t\t<\/div>\n\t\t\t\t\t<\/div>\n\t\t<\/section>\n\t\t<div data-particle_enable=\"false\" data-particle-mobile-disabled=\"false\" class=\"elementor-element elementor-element-6fb5e91 e-flex e-con-boxed e-con e-parent\" data-id=\"6fb5e91\" data-element_type=\"container\">\n\t\t\t\t\t<div class=\"e-con-inner\">\n\t\t\t\t<div class=\"elementor-element elementor-element-4441006 elementor-widget elementor-widget-spacer\" data-id=\"4441006\" data-element_type=\"widget\" data-widget_type=\"spacer.default\">\n\t\t\t\t<div class=\"elementor-widget-container\">\n\t\t\t\t\t\t\t<div class=\"elementor-spacer\">\n\t\t\t<div class=\"elementor-spacer-inner\"><\/div>\n\t\t<\/div>\n\t\t\t\t\t\t<\/div>\n\t\t\t\t<\/div>\n\t\t\t\t\t<\/div>\n\t\t\t\t<\/div>\n\t\t\t\t<section data-particle_enable=\"false\" data-particle-mobile-disabled=\"false\" class=\"elementor-section elementor-top-section elementor-element elementor-element-11dc354 elementor-section-boxed elementor-section-height-default elementor-section-height-default\" data-id=\"11dc354\" data-element_type=\"section\">\n\t\t\t\t\t\t<div class=\"elementor-container elementor-column-gap-default\">\n\t\t\t\t\t<div class=\"elementor-column elementor-col-100 elementor-top-column elementor-element elementor-element-2c6457c\" data-id=\"2c6457c\" data-element_type=\"column\">\n\t\t\t<div class=\"elementor-widget-wrap elementor-element-populated\">\n\t\t\t\t\t\t<div class=\"elementor-element elementor-element-83b7382 elementor-headline--style-rotate elementor-widget elementor-widget-animated-headline\" data-id=\"83b7382\" data-element_type=\"widget\" data-settings=\"{&quot;headline_style&quot;:&quot;rotate&quot;,&quot;animation_type&quot;:&quot;clip&quot;,&quot;rotating_text&quot;:&quot;Soluci\\u00f3n global.\\nFacilitador.\\nSocio.\\nContacto central.\\nAsesoramiento y m\\u00e9todo.&quot;,&quot;loop&quot;:&quot;yes&quot;,&quot;rotate_iteration_delay&quot;:2500}\" data-widget_type=\"animated-headline.default\">\n\t\t\t\t<div class=\"elementor-widget-container\">\n\t\t\t\t\t\t\t<h2 class=\"elementor-headline elementor-headline-animation-type-clip\">\n\t\t\t\t<span class=\"elementor-headline-dynamic-wrapper elementor-headline-text-wrapper\">\n\t\t\t\t\t<span class=\"elementor-headline-dynamic-text elementor-headline-text-active\">\n\t\t\t\tSoluci\u00f3n&nbsp;global.\t\t\t<\/span>\n\t\t\t\t\t<span class=\"elementor-headline-dynamic-text\">\n\t\t\t\tFacilitador.\t\t\t<\/span>\n\t\t\t\t\t<span class=\"elementor-headline-dynamic-text\">\n\t\t\t\tSocio.\t\t\t<\/span>\n\t\t\t\t\t<span class=\"elementor-headline-dynamic-text\">\n\t\t\t\tContacto&nbsp;central.\t\t\t<\/span>\n\t\t\t\t\t<span class=\"elementor-headline-dynamic-text\">\n\t\t\t\tAsesoramiento&nbsp;y&nbsp;m\u00e9todo.\t\t\t<\/span>\n\t\t\t\t\t\t<\/span>\n\t\t\t\t<\/h2>\n\t\t\t\t\t\t<\/div>\n\t\t\t\t<\/div>\n\t\t\t\t<div class=\"elementor-element elementor-element-fb2c7a6 elementor-widget-divider--view-line elementor-widget elementor-widget-divider\" data-id=\"fb2c7a6\" data-element_type=\"widget\" data-widget_type=\"divider.default\">\n\t\t\t\t<div class=\"elementor-widget-container\">\n\t\t\t\t\t\t\t<div class=\"elementor-divider\">\n\t\t\t<span class=\"elementor-divider-separator\">\n\t\t\t\t\t\t<\/span>\n\t\t<\/div>\n\t\t\t\t\t\t<\/div>\n\t\t\t\t<\/div>\n\t\t\t\t\t<\/div>\n\t\t<\/div>\n\t\t\t\t\t<\/div>\n\t\t<\/section>\n\t\t\t\t<\/div>\n\t\t","protected":false},"excerpt":{"rendered":"<p>Colaboraci\u00f3n Innovaci\u00f3n Materiales&nbsp;nobles Retos&nbsp;t\u00e9cnicos Artesan\u00eda&nbsp;excepcional Nuestro m\u00e9todo Trabajaremos contigo para crear proyectos de interiorismo personalizados que se ajusten a tus ambiciones. Adoptamos un enfoque colaborativo desde la fase de dise\u00f1o hasta la fase t\u00e9cnica y la creaci\u00f3n de prototipos o salas de exposici\u00f3n, sin olvidar la optimizaci\u00f3n del presupuesto. Nuestra experiencia como fabricantes nos ha [&hellip;]<\/p>\n","protected":false},"author":5,"featured_media":16231,"parent":0,"menu_order":0,"comment_status":"closed","ping_status":"closed","template":"elementor_header_footer","meta":{"_seopress_robots_primary_cat":"","_seopress_titles_title":"","_seopress_titles_desc":"","_seopress_robots_index":"","_eb_attr":"","footnotes":""},"class_list":["post-16501","page","type-page","status-publish","has-post-thumbnail","hentry"],"_links":{"self":[{"href":"https:\/\/lignartis.com\/es\/wp-json\/wp\/v2\/pages\/16501","targetHints":{"allow":["GET"]}}],"collection":[{"href":"https:\/\/lignartis.com\/es\/wp-json\/wp\/v2\/pages"}],"about":[{"href":"https:\/\/lignartis.com\/es\/wp-json\/wp\/v2\/types\/page"}],"author":[{"embeddable":true,"href":"https:\/\/lignartis.com\/es\/wp-json\/wp\/v2\/users\/5"}],"replies":[{"embeddable":true,"href":"https:\/\/lignartis.com\/es\/wp-json\/wp\/v2\/comments?post=16501"}],"version-history":[{"count":1,"href":"https:\/\/lignartis.com\/es\/wp-json\/wp\/v2\/pages\/16501\/revisions"}],"predecessor-version":[{"id":16511,"href":"https:\/\/lignartis.com\/es\/wp-json\/wp\/v2\/pages\/16501\/revisions\/16511"}],"wp:featuredmedia":[{"embeddable":true,"href":"https:\/\/lignartis.com\/es\/wp-json\/wp\/v2\/media\/16231"}],"wp:attachment":[{"href":"https:\/\/lignartis.com\/es\/wp-json\/wp\/v2\/media?parent=16501"}],"curies":[{"name":"wp","href":"https:\/\/api.w.org\/{rel}","templated":true}]}}